{"id":135,"date":"2013-02-06T13:34:12","date_gmt":"2013-02-06T12:34:12","guid":{"rendered":"http:\/\/test.semicolon.no\/?page_id=135"},"modified":"2013-04-10T08:58:36","modified_gmt":"2013-04-10T07:58:36","slug":"fagomrader","status":"publish","type":"page","link":"https:\/\/www.semicolon.no\/?page_id=135","title":{"rendered":"Fagomr\u00e5der"},"content":{"rendered":"<p>Semicolon II er et tverrfaglig prosjekt som opererer innen f\u00f8lgende fagomr\u00e5der:\u00a0<a href=\"https:\/\/www.semicolon.no\/wp-content\/uploads\/2013\/02\/Puzzle.jpg\"><img loading=\"lazy\" decoding=\"async\" class=\"alignright size-full wp-image-672\" alt=\"Puzzle\" src=\"https:\/\/www.semicolon.no\/wp-content\/uploads\/2013\/02\/Puzzle.jpg\" width=\"333\" height=\"217\" srcset=\"https:\/\/www.semicolon.no\/wp-content\/uploads\/2013\/02\/Puzzle.jpg 333w, https:\/\/www.semicolon.no\/wp-content\/uploads\/2013\/02\/Puzzle-300x195.jpg 300w\" sizes=\"auto, (max-width: 333px) 100vw, 333px\" \/><\/a><\/p>\n<p><strong><a title=\"Politikkutforming\" href=\"https:\/\/www.semicolon.no\/?p=323\">Politikkutforming<\/a><\/strong><br \/>\n<a style=\"text-align: left;\" title=\"Semantisk samhandling\" href=\"https:\/\/www.semicolon.no\/?p=328\"><strong>Semantisk samhandling<\/strong><\/a><br \/>\n<a style=\"text-align: left;\" title=\"Samhandlingsplattformer\" href=\"https:\/\/www.semicolon.no\/?p=330\"><strong>Samhandlingsplattformer<\/strong><\/a><br \/>\n<a style=\"text-align: left;\" title=\"Jus\" href=\"https:\/\/www.semicolon.no\/?p=333\"><strong>Jus<\/strong><\/a><br \/>\n<a style=\"text-align: left;\" title=\"M\u00e5leindikatorer, m\u00e5linger og gevinstrealisering\" href=\"https:\/\/www.semicolon.no\/?p=337\"><strong>M\u00e5leindikatorer, m\u00e5linger og gevinstrealisering<\/strong><\/a><br \/>\n<a style=\"text-align: left;\" title=\"Organisatorisk samhandling\" href=\"https:\/\/www.semicolon.no\/?p=340\"><strong>Organisatorisk samhandling<\/strong><\/a><\/p>\n","protected":false},"excerpt":{"rendered":"<p>Semicolon II er et tverrfaglig prosjekt som opererer innen f\u00f8lgende fagomr\u00e5der:\u00a0 Politikkutforming Semantisk samhandling Samhandlingsplattformer Jus M\u00e5leindikatorer, m\u00e5linger og gevinstrealisering Organisatorisk samhandling<\/p>\n","protected":false},"author":4,"featured_media":0,"parent":0,"menu_order":2,"comment_status":"closed","ping_status":"closed","template":"","meta":{"footnotes":""},"class_list":["post-135","page","type-page","status-publish","hentry"],"_links":{"self":[{"href":"https:\/\/www.semicolon.no\/index.php?rest_route=\/wp\/v2\/pages\/135","targetHints":{"allow":["GET"]}}],"collection":[{"href":"https:\/\/www.semicolon.no\/index.php?rest_route=\/wp\/v2\/pages"}],"about":[{"href":"https:\/\/www.semicolon.no\/index.php?rest_route=\/wp\/v2\/types\/page"}],"author":[{"embeddable":true,"href":"https:\/\/www.semicolon.no\/index.php?rest_route=\/wp\/v2\/users\/4"}],"replies":[{"embeddable":true,"href":"https:\/\/www.semicolon.no\/index.php?rest_route=%2Fwp%2Fv2%2Fcomments&post=135"}],"version-history":[{"count":0,"href":"https:\/\/www.semicolon.no\/index.php?rest_route=\/wp\/v2\/pages\/135\/revisions"}],"wp:attachment":[{"href":"https:\/\/www.semicolon.no\/index.php?rest_route=%2Fwp%2Fv2%2Fmedia&parent=135"}],"curies":[{"name":"wp","href":"https:\/\/api.w.org\/{rel}","templated":true}]}}