{"id":154,"date":"2013-02-06T14:26:17","date_gmt":"2013-02-06T13:26:17","guid":{"rendered":"http:\/\/test.semicolon.no\/?page_id=154"},"modified":"2013-02-07T12:11:53","modified_gmt":"2013-02-07T11:11:53","slug":"partnere","status":"publish","type":"page","link":"https:\/\/www.semicolon.no\/?page_id=154","title":{"rendered":"Partnere"},"content":{"rendered":"<p>F\u00f8lgende virksomheter deltar i Semicolon II:<\/p>\n<p><a href=\"http:\/\/www.karde.no\" target=\"_blank\">Karde AS <\/a>(prosjekteier og prosjektleder)<br \/>\n<a href=\"http:\/\/www.brreg.no\" target=\"_blank\">Br\u00f8nn\u00f8ysundregistrene<\/a><br \/>\n<a href=\"http:\/\/www.computas.com\" target=\"_blank\">Computas AS<\/a><br \/>\n<a href=\"http:\/\/www.difi.no\" target=\"_blank\">DIFI &#8211; Direktoratet for forvaltning og IKT<\/a><br \/>\n<a href=\"http:\/\/dnv.com\" target=\"_blank\">DNV &#8211; Det Norske Veritas<\/a><br \/>\n<a href=\"http:\/\/www.bi.no\" target=\"_blank\">Handelsh\u00f8yskolen BI<\/a><br \/>\n<a href=\"http:\/\/www.helsedirektoratet.no\/Sider\/default.aspx\" target=\"_blank\">Helsedirektoratet<\/a><br \/>\n<a href=\"http:\/\/www.mn.uio.no\/ifi\/\" target=\"_blank\">Institutt for informatikk<\/a> (Universitetet i Oslo)<br \/>\n<a href=\"http:\/\/www.uia.no\/no\/portaler\/om_universitetet\/oekonomi_og_samfunnsvitenskap\/informasjonssystemer\" target=\"_blank\">Institutt for informasjonssystemer<\/a> (Universitetet i Agder)<br \/>\n<a href=\"http:\/\/www.ks.no\" target=\"_blank\">KS &#8211;\u00a0Kommunesektorens organisasjon<\/a><br \/>\n<a href=\"http:\/\/www.liu.se\/?l=sv&amp;sc=true\" target=\"_blank\">Link\u00f6pings universitet<\/a><br \/>\n<a href=\"http:\/\/www.norstella.no\" target=\"_blank\">NorStella<\/a><br \/>\n<a href=\"http:\/\/www.jus.uio.no\/ifp\/om\/organisasjon\/seri\/\" target=\"_blank\">SERI &#8211; Senter for rettsinformatikk <\/a>(Universitetet i Oslo)<br \/>\n<a href=\"http:\/\/www.sintef.no\" target=\"_blank\">SINTEF<\/a><br \/>\n<a href=\"http:\/\/www.skatteetaten.no\" target=\"_blank\">Skattedirektoratet<\/a><\/p>\n","protected":false},"excerpt":{"rendered":"<p>F\u00f8lgende virksomheter deltar i Semicolon II: Karde AS (prosjekteier og prosjektleder) Br\u00f8nn\u00f8ysundregistrene Computas AS DIFI &#8211; Direktoratet for forvaltning og IKT DNV &#8211; Det Norske Veritas Handelsh\u00f8yskolen BI Helsedirektoratet Institutt for informatikk (Universitetet i Oslo) Institutt for informasjonssystemer (Universitetet i &hellip; <a href=\"https:\/\/www.semicolon.no\/?page_id=154\">Continue reading <span class=\"meta-nav\">&rarr;<\/span><\/a><\/p>\n","protected":false},"author":4,"featured_media":0,"parent":0,"menu_order":6,"comment_status":"closed","ping_status":"closed","template":"","meta":{"footnotes":""},"class_list":["post-154","page","type-page","status-publish","hentry"],"_links":{"self":[{"href":"https:\/\/www.semicolon.no\/index.php?rest_route=\/wp\/v2\/pages\/154","targetHints":{"allow":["GET"]}}],"collection":[{"href":"https:\/\/www.semicolon.no\/index.php?rest_route=\/wp\/v2\/pages"}],"about":[{"href":"https:\/\/www.semicolon.no\/index.php?rest_route=\/wp\/v2\/types\/page"}],"author":[{"embeddable":true,"href":"https:\/\/www.semicolon.no\/index.php?rest_route=\/wp\/v2\/users\/4"}],"replies":[{"embeddable":true,"href":"https:\/\/www.semicolon.no\/index.php?rest_route=%2Fwp%2Fv2%2Fcomments&post=154"}],"version-history":[{"count":0,"href":"https:\/\/www.semicolon.no\/index.php?rest_route=\/wp\/v2\/pages\/154\/revisions"}],"wp:attachment":[{"href":"https:\/\/www.semicolon.no\/index.php?rest_route=%2Fwp%2Fv2%2Fmedia&parent=154"}],"curies":[{"name":"wp","href":"https:\/\/api.w.org\/{rel}","templated":true}]}}