{"id":181,"date":"2013-02-06T15:01:07","date_gmt":"2013-02-06T14:01:07","guid":{"rendered":"http:\/\/test.semicolon.no\/?page_id=181"},"modified":"2013-03-15T22:46:01","modified_gmt":"2013-03-15T21:46:01","slug":"arbeidsmate","status":"publish","type":"page","link":"https:\/\/www.semicolon.no\/?page_id=181","title":{"rendered":"Arbeidsm\u00e5te"},"content":{"rendered":"<p>I Semicolon II brukes caser for \u00e5 integrere teori og praksis innen de ulike fagomr\u00e5dene.\u00a0Utgangspunktet for et case kan v\u00e6re en konkret situasjon, prosess, system eller tjeneste innen offentlig forvaltning som gir anledning til \u00e5 fordype seg i relevante problemstillinger.<\/p>\n<p>Case-studier gir prosjektet mulighet til \u00e5 drive med b\u00e5de grunnleggende analyser i tillegg til konkrete eksempler og demonstrasjoner av mulige l\u00f8sninger. Dette er prosjektets metodiske og systematiske arbeidsm\u00e5te.<\/p>\n<p>Innenfor et case-studie bruker vi imidlertid flere forskningsmetoder. Case-studier gir prosjektet muligheten til \u00e5 arbeide p\u00e5 en tverrfaglig m\u00e5te. Prosjektet er, som sagt, ikke delt opp i moduler per fagdisiplin eller per et problem som skal l\u00f8ses, men per temaomr\u00e5de som krever analytiske, samkj\u00f8rte svar fra teoretikere og praktikere med felles arbeidsomr\u00e5de, med ulike faglige inngangsporter til en vid og krevende problemstilling. Dette gj\u00f8r s\u00e5ledes at det er metoden og problemstillingene sammen som driver forskningen og utviklingen p\u00e5 tvers av fagene og p\u00e5 tvers av alle milj\u00f8er som deltar i prosjektet.<\/p>\n<p>N\u00e5r det gjelder gjennomf\u00f8ring av case-studiene, kan mange arbeidsmetoder anvendes. For \u00e5 forst\u00e5 problemomr\u00e5det er det fullt mulig \u00e5 gjennomf\u00f8re empirisk datainnsamling gjennom b\u00e5de litteraturstudier, skjemabaserte surveys, intervjuer, dokumentgjennomganger og fokusgrupper.<\/p>\n<p>Konkrete l\u00f8sninger demonstreres ved hjelp av programvareprototyper, prosesskjemaer eller s\u00e5kalte \u201dmock-ups\u201d.<\/p>\n<p><a title=\"P\u00e5g\u00e5ende caser\" href=\"https:\/\/www.semicolon.no\/?page_id=183\">P\u00e5g\u00e5ende caser<\/a><\/p>\n","protected":false},"excerpt":{"rendered":"<p>I Semicolon II brukes caser for \u00e5 integrere teori og praksis innen de ulike fagomr\u00e5dene.\u00a0Utgangspunktet for et case kan v\u00e6re en konkret situasjon, prosess, system eller tjeneste innen offentlig forvaltning som gir anledning til \u00e5 fordype seg i relevante problemstillinger. &hellip; <a href=\"https:\/\/www.semicolon.no\/?page_id=181\">Continue reading <span class=\"meta-nav\">&rarr;<\/span><\/a><\/p>\n","protected":false},"author":4,"featured_media":0,"parent":136,"menu_order":0,"comment_status":"closed","ping_status":"closed","template":"","meta":{"footnotes":""},"class_list":["post-181","page","type-page","status-publish","hentry"],"_links":{"self":[{"href":"https:\/\/www.semicolon.no\/index.php?rest_route=\/wp\/v2\/pages\/181","targetHints":{"allow":["GET"]}}],"collection":[{"href":"https:\/\/www.semicolon.no\/index.php?rest_route=\/wp\/v2\/pages"}],"about":[{"href":"https:\/\/www.semicolon.no\/index.php?rest_route=\/wp\/v2\/types\/page"}],"author":[{"embeddable":true,"href":"https:\/\/www.semicolon.no\/index.php?rest_route=\/wp\/v2\/users\/4"}],"replies":[{"embeddable":true,"href":"https:\/\/www.semicolon.no\/index.php?rest_route=%2Fwp%2Fv2%2Fcomments&post=181"}],"version-history":[{"count":0,"href":"https:\/\/www.semicolon.no\/index.php?rest_route=\/wp\/v2\/pages\/181\/revisions"}],"up":[{"embeddable":true,"href":"https:\/\/www.semicolon.no\/index.php?rest_route=\/wp\/v2\/pages\/136"}],"wp:attachment":[{"href":"https:\/\/www.semicolon.no\/index.php?rest_route=%2Fwp%2Fv2%2Fmedia&parent=181"}],"curies":[{"name":"wp","href":"https:\/\/api.w.org\/{rel}","templated":true}]}}