{"id":229,"date":"2013-02-06T16:53:36","date_gmt":"2013-02-06T15:53:36","guid":{"rendered":"http:\/\/test.semicolon.no\/?page_id=229"},"modified":"2016-02-05T07:48:50","modified_gmt":"2016-02-05T06:48:50","slug":"moter","status":"publish","type":"page","link":"https:\/\/www.semicolon.no\/?page_id=229","title":{"rendered":"M\u00f8ter"},"content":{"rendered":"<p><a title=\"M\u00f8te nr. 1\" href=\"\/?p=383\">M\u00f8te nr. 1 \u2013 Hva b\u00f8r oppgaven v\u00e6re?<\/a><br \/>\n<a title=\"M\u00f8te nr. 2\" href=\"\/?p=393\">M\u00f8te nr. 2 \u2013 Nasjonal metadatastrategi<\/a><br \/>\n<a title=\"M\u00f8te nr. 3\" href=\"\/?p=405\">M\u00f8te nr. 3 &#8211;\u00a0Tilgjengeliggj\u00f8ring av lenkede offentlige data \u2013 hva er verdien?<\/a><br \/>\n<a title=\"M\u00f8te nr. 4\" href=\"\/?p=450\">M\u00f8te nr. 4 &#8211;\u00a0Gevinstrealisering ved investering i IKT-tiltak i offentlig sektor<\/a><br \/>\n<a title=\"M\u00f8te nr. 5\" href=\"\/?p=452\">M\u00f8te nr. 5 &#8211;\u00a0Samhandling i offentlig sektor i et innovasjonsperspektiv<\/a><br \/>\n<a title=\"M\u00f8te nr. 6\" href=\"\/?p=454\">M\u00f8te nr. 6 &#8211;\u00a0Samhandling i helsesektoren \u2013 hva er erfaringene og hvor ligger mulighetene?<\/a><br \/>\n<a title=\"M\u00f8te nr. 7\" href=\"\/?p=963\">M\u00f8te nr. 7 &#8211; Dr\u00f8fting av Altinns nye strategi<\/a><br \/>\n<a title=\"M\u00f8te nr. 8\" href=\"\/?p=1029\">M\u00f8te nr. 8 &#8211; FAOS-Rapporten 5 \u00e5r etter &#8211; hvor st\u00e5r vi?<\/a><br \/>\n<a title=\"M\u00f8te nr. 9\" href=\"\/?p=1107\">M\u00f8te nr. 9 &#8211; Hvordan f\u00e5 fart p\u00e5 digitaliseringen av Norge?<\/a><br \/>\n<a title=\"M\u00f8te nr. 10\" href=\"\/?p=1190\">M\u00f8te nr. 10 &#8211; M\u00e5lbilde offentlig sektor 2025 &#8211; Hva m\u00e5 gj\u00f8res?<\/a><br \/>\n<a title=\"M\u00f8te nr. 11\" href=\"\/?p=1231\">M\u00f8te nr. 11 &#8211; Altinns forslag til ny strategi<\/a><\/p>\n","protected":false},"excerpt":{"rendered":"<p>M\u00f8te nr. 1 \u2013 Hva b\u00f8r oppgaven v\u00e6re? M\u00f8te nr. 2 \u2013 Nasjonal metadatastrategi M\u00f8te nr. 3 &#8211;\u00a0Tilgjengeliggj\u00f8ring av lenkede offentlige data \u2013 hva er verdien? M\u00f8te nr. 4 &#8211;\u00a0Gevinstrealisering ved investering i IKT-tiltak i offentlig sektor M\u00f8te nr. 5 &hellip; <a href=\"https:\/\/www.semicolon.no\/?page_id=229\">Continue reading <span class=\"meta-nav\">&rarr;<\/span><\/a><\/p>\n","protected":false},"author":4,"featured_media":0,"parent":153,"menu_order":0,"comment_status":"closed","ping_status":"closed","template":"","meta":{"footnotes":""},"class_list":["post-229","page","type-page","status-publish","hentry"],"_links":{"self":[{"href":"https:\/\/www.semicolon.no\/index.php?rest_route=\/wp\/v2\/pages\/229","targetHints":{"allow":["GET"]}}],"collection":[{"href":"https:\/\/www.semicolon.no\/index.php?rest_route=\/wp\/v2\/pages"}],"about":[{"href":"https:\/\/www.semicolon.no\/index.php?rest_route=\/wp\/v2\/types\/page"}],"author":[{"embeddable":true,"href":"https:\/\/www.semicolon.no\/index.php?rest_route=\/wp\/v2\/users\/4"}],"replies":[{"embeddable":true,"href":"https:\/\/www.semicolon.no\/index.php?rest_route=%2Fwp%2Fv2%2Fcomments&post=229"}],"version-history":[{"count":0,"href":"https:\/\/www.semicolon.no\/index.php?rest_route=\/wp\/v2\/pages\/229\/revisions"}],"up":[{"embeddable":true,"href":"https:\/\/www.semicolon.no\/index.php?rest_route=\/wp\/v2\/pages\/153"}],"wp:attachment":[{"href":"https:\/\/www.semicolon.no\/index.php?rest_route=%2Fwp%2Fv2%2Fmedia&parent=229"}],"curies":[{"name":"wp","href":"https:\/\/api.w.org\/{rel}","templated":true}]}}