{"id":27,"date":"2013-01-05T18:02:54","date_gmt":"2013-01-05T17:02:54","guid":{"rendered":"http:\/\/test.semicolon.no\/?page_id=27"},"modified":"2017-07-31T14:14:33","modified_gmt":"2017-07-31T13:14:33","slug":"kort-om-semicolon-ii-prosjektet","status":"publish","type":"page","link":"https:\/\/www.semicolon.no\/","title":{"rendered":"Semicolon prosjektet ble avsluttet v\u00e5ren 2014"},"content":{"rendered":"<h3>Sluttrapporter fra prosjektet<\/h3>\n<ul>\n<li><a href=\"https:\/\/www.semicolon.no\/wp-content\/uploads\/2017\/07\/Sluttrapport-Semicolon.pdf\">Sluttrapport Semicolon I<\/a><\/li>\n<li><a href=\"https:\/\/www.semicolon.no\/wp-content\/uploads\/2017\/07\/Resultatrapport-Semicolon.pdf\">Sluttrapport Semicolon II<\/a><\/li>\n<\/ul>\n<hr\/>\n<h3>Kort om Semicolon II<\/h3>\n<p>Semicolon II er en videref\u00f8ring av Semicolon I.<br \/>\nProsjektet fikk bevilgning fra Forskningsr\u00e5dets VERDIKT-program i slutten av april 2010.<br \/>\n<a href=\"https:\/\/www.semicolon.no\/wp-content\/uploads\/2013\/01\/Handshake.jpg\"><img loading=\"lazy\" decoding=\"async\" class=\"alignright\" alt=\"Handshake\" src=\"https:\/\/www.semicolon.no\/wp-content\/uploads\/2013\/01\/Handshake.jpg\" width=\"332\" height=\"219\" \/><\/a><\/p>\n<p>Semicolon I omhandlet organisatorisk og semantisk interoperabilitet i og med offentlig <a href=\"https:\/\/www.semicolon.no\/wp-content\/uploads\/2013\/01\/Handshake.jpg\"><br \/>\n<\/a>sektor. I Semicolon II utvider vi dette perspektivet til ogs\u00e5 \u00e5 omfatte rettslige problemstillinger, politiske f\u00f8ringer og samhandlingsplattformer som for eksempel sosiale nett. Arbeidet med kvantitative og kvalitative m\u00e5linger av samhandling i offentlig sektor vil videreutvikles.<\/p>\n<p>Semicolon II vil bidra til \u00e5 skape en effektiv og verdi\u00f8kende offentlig sektor gjennom bedre elektronisk samhandling p\u00e5 tvers av etater og forvaltningsniv\u00e5er, ved at:<\/p>\n<ul>\n<li>ressursene flyttes fra administrasjon til tjenesteyting<\/li>\n<li>etater samarbeider om \u00e5 l\u00f8se oppgaver til nytte for innbyggere og n\u00e6ringsliv<\/li>\n<li>etatene samarbeider for \u00e5 levere offentlig tjenester av h\u00f8y kvalitet uten hinder av virksomhetsgrenser og med fullverdig IT-st\u00f8tte<\/li>\n<\/ul>\n<p><a title=\"M\u00e5l\" href=\"\/?page_id=345\">Prosjektets m\u00e5lsetning<\/a><\/p>\n","protected":false},"excerpt":{"rendered":"<p>Sluttrapporter fra prosjektet Sluttrapport Semicolon I Sluttrapport Semicolon II Kort om Semicolon II Semicolon II er en videref\u00f8ring av Semicolon I. Prosjektet fikk bevilgning fra Forskningsr\u00e5dets VERDIKT-program i slutten av april 2010. Semicolon I omhandlet organisatorisk og semantisk interoperabilitet i &hellip; <a href=\"https:\/\/www.semicolon.no\/\">Continue reading <span class=\"meta-nav\">&rarr;<\/span><\/a><\/p>\n","protected":false},"author":1,"featured_media":0,"parent":0,"menu_order":1,"comment_status":"closed","ping_status":"closed","template":"","meta":{"footnotes":""},"class_list":["post-27","page","type-page","status-publish","hentry"],"_links":{"self":[{"href":"https:\/\/www.semicolon.no\/index.php?rest_route=\/wp\/v2\/pages\/27","targetHints":{"allow":["GET"]}}],"collection":[{"href":"https:\/\/www.semicolon.no\/index.php?rest_route=\/wp\/v2\/pages"}],"about":[{"href":"https:\/\/www.semicolon.no\/index.php?rest_route=\/wp\/v2\/types\/page"}],"author":[{"embeddable":true,"href":"https:\/\/www.semicolon.no\/index.php?rest_route=\/wp\/v2\/users\/1"}],"replies":[{"embeddable":true,"href":"https:\/\/www.semicolon.no\/index.php?rest_route=%2Fwp%2Fv2%2Fcomments&post=27"}],"version-history":[{"count":0,"href":"https:\/\/www.semicolon.no\/index.php?rest_route=\/wp\/v2\/pages\/27\/revisions"}],"wp:attachment":[{"href":"https:\/\/www.semicolon.no\/index.php?rest_route=%2Fwp%2Fv2%2Fmedia&parent=27"}],"curies":[{"name":"wp","href":"https:\/\/api.w.org\/{rel}","templated":true}]}}