{"id":345,"date":"2013-02-11T11:34:39","date_gmt":"2013-02-11T10:34:39","guid":{"rendered":"http:\/\/test.semicolon.no\/?page_id=345"},"modified":"2013-02-11T11:38:18","modified_gmt":"2013-02-11T10:38:18","slug":"mal","status":"publish","type":"page","link":"https:\/\/www.semicolon.no\/?page_id=345","title":{"rendered":"M\u00e5l"},"content":{"rendered":"<p><strong>Prosjektets hovedm\u00e5l<\/strong>\u00a0er \u00e5 utpr\u00f8ve og etablere metoder, verkt\u00f8y og m\u00e5leindikatorer som kan legges til grunn for forvaltningsanbefalinger og -standarder, slik at norsk offentlig sektor kan samarbeide bedre p\u00e5 tvers av etater, og derigjennom settes i stand til \u00e5 tilby framtidsrettede og kosteffektive tjenester til innbyggere og n\u00e6ringsliv.<\/p>\n<p><strong>Prosjektets delm\u00e5l:<\/strong><\/p>\n<ol>\n<li>Identifisere\u00a0hindringer for samhandling og foreskrive strategier\/l\u00f8sninger for \u00e5 overkomme disse.<\/li>\n<li>Utvikle\u00a0metoder og verkt\u00f8y for \u00e5 etablere effektiv samhandling samt identifisere m\u00e5leindikatorer for \u00e5 kunne m\u00e5le effektene av samhandlingen.<\/li>\n<li>Anvende\u00a0metoder og verkt\u00f8y i konkrete eksempelprosjekter i etatene, og m\u00e5le effekter ved hjelp av m\u00e5leindikatorene.<\/li>\n<li>Spre\u00a0resultater og erfaringer til offentlig sektor, IKT-industri og akademia.<\/li>\n<li>Etablere\u00a0en samhandlingsarena med toneangivende etater, kompetente bedrifter og forskningsmilj\u00f8er.<\/li>\n<\/ol>\n","protected":false},"excerpt":{"rendered":"<p>Prosjektets hovedm\u00e5l\u00a0er \u00e5 utpr\u00f8ve og etablere metoder, verkt\u00f8y og m\u00e5leindikatorer som kan legges til grunn for forvaltningsanbefalinger og -standarder, slik at norsk offentlig sektor kan samarbeide bedre p\u00e5 tvers av etater, og derigjennom settes i stand til \u00e5 tilby framtidsrettede &hellip; <a href=\"https:\/\/www.semicolon.no\/?page_id=345\">Continue reading <span class=\"meta-nav\">&rarr;<\/span><\/a><\/p>\n","protected":false},"author":4,"featured_media":0,"parent":27,"menu_order":0,"comment_status":"closed","ping_status":"closed","template":"","meta":{"footnotes":""},"class_list":["post-345","page","type-page","status-publish","hentry"],"_links":{"self":[{"href":"https:\/\/www.semicolon.no\/index.php?rest_route=\/wp\/v2\/pages\/345","targetHints":{"allow":["GET"]}}],"collection":[{"href":"https:\/\/www.semicolon.no\/index.php?rest_route=\/wp\/v2\/pages"}],"about":[{"href":"https:\/\/www.semicolon.no\/index.php?rest_route=\/wp\/v2\/types\/page"}],"author":[{"embeddable":true,"href":"https:\/\/www.semicolon.no\/index.php?rest_route=\/wp\/v2\/users\/4"}],"replies":[{"embeddable":true,"href":"https:\/\/www.semicolon.no\/index.php?rest_route=%2Fwp%2Fv2%2Fcomments&post=345"}],"version-history":[{"count":0,"href":"https:\/\/www.semicolon.no\/index.php?rest_route=\/wp\/v2\/pages\/345\/revisions"}],"up":[{"embeddable":true,"href":"https:\/\/www.semicolon.no\/index.php?rest_route=\/wp\/v2\/pages\/27"}],"wp:attachment":[{"href":"https:\/\/www.semicolon.no\/index.php?rest_route=%2Fwp%2Fv2%2Fmedia&parent=345"}],"curies":[{"name":"wp","href":"https:\/\/api.w.org\/{rel}","templated":true}]}}